{"id":4319,"date":"2025-02-16T15:14:18","date_gmt":"2025-02-16T14:14:18","guid":{"rendered":"https:\/\/rttngr.com\/?page_id=4319"},"modified":"2025-12-28T15:33:38","modified_gmt":"2025-12-28T14:33:38","slug":"skylink","status":"publish","type":"page","link":"https:\/\/rttngr.com\/","title":{"rendered":"Florian R\u00fcttinger"},"content":{"rendered":"\n<p><strong>Director Sales &amp; Brand Solutions | C4.ROCKS<\/strong><br>Ich bringe Marken, Medien und Zielgruppen zusammen. Commerce Content mit klarem Konzept, starken Publisher-Partnerschaften und datengetriebenen Blick f\u00fcr Performance.<\/p>\n\n\n\n<div class=\"wp-block-buttons is-layout-flex wp-block-buttons-is-layout-flex\">\n<div class=\"wp-block-button\"><a class=\"wp-block-button__link wp-element-button\" href=\"https:\/\/rttngr.com\/?page_id=4556\">Kontakt<\/a><\/div>\n<\/div>\n\n\n\n<p><\/p>\n\n\n\n<p><\/p>\n\n\n\n<div class=\"wp-block-group alignfull is-style-section-1 has-global-padding is-layout-constrained wp-container-core-group-is-layout-cdf985e3 wp-block-group-is-layout-constrained is-style-section-1--1\" style=\"min-height:100vh;margin-top:0;margin-bottom:0;padding-top:var(--wp--preset--spacing--80);padding-right:var(--wp--preset--spacing--80);padding-bottom:var(--wp--preset--spacing--80);padding-left:var(--wp--preset--spacing--80)\">\n<div class=\"wp-block-columns alignwide are-vertically-aligned-center is-layout-flex wp-container-core-columns-is-layout-643ced6b wp-block-columns-is-layout-flex\">\n<div class=\"wp-block-column is-vertically-aligned-center is-layout-flow wp-block-column-is-layout-flow\">\n<figure class=\"wp-block-image aligncenter size-full has-custom-border\"><img loading=\"lazy\" decoding=\"async\" width=\"1707\" height=\"2560\" src=\"https:\/\/rttngr.com\/wp-content\/uploads\/2025\/02\/Florian-scaled.jpg\" alt=\"\" class=\"wp-image-4542\" style=\"border-top-left-radius:150px;border-bottom-right-radius:150px;object-fit:cover\" srcset=\"https:\/\/rttngr.com\/wp-content\/uploads\/2025\/02\/Florian-scaled.jpg 1707w, https:\/\/rttngr.com\/wp-content\/uploads\/2025\/02\/Florian-200x300.jpg 200w, https:\/\/rttngr.com\/wp-content\/uploads\/2025\/02\/Florian-512x768.jpg 512w, https:\/\/rttngr.com\/wp-content\/uploads\/2025\/02\/Florian-768x1152.jpg 768w, https:\/\/rttngr.com\/wp-content\/uploads\/2025\/02\/Florian-1024x1536.jpg 1024w, https:\/\/rttngr.com\/wp-content\/uploads\/2025\/02\/Florian-1365x2048.jpg 1365w\" sizes=\"auto, (max-width: 1707px) 100vw, 1707px\" \/><figcaption class=\"wp-element-caption\">photo by <a href=\"https:\/\/alena-zielinski.com\/\">Alena Zielinski<\/a><\/figcaption><\/figure>\n<\/div>\n\n\n\n<div class=\"wp-block-column is-vertically-aligned-center is-layout-flow wp-block-column-is-layout-flow\">\n<div class=\"wp-block-group is-vertical is-content-justification-stretch is-layout-flex wp-container-core-group-is-layout-353c4f5a wp-block-group-is-layout-flex\">\n<h2 class=\"wp-block-heading is-style-text-annotation is-style-text-annotation--2\"><strong>\u00dcber mich<\/strong><\/h2>\n\n\n\n<p>Ich komme aus dem <strong>redaktionellen Umfeld<\/strong> \u2013 und genau das hilft mir heute in Sales und Vermarktung: Ich denke in <strong>Zielgruppen<\/strong>, <strong>Relevanz<\/strong> und <strong>sauberer Storyline<\/strong>. Nach Studium und Volontariat f\u00fchrte mich mein Weg \u00fcber den Journalismus zu Axel Springer, wo ich \u00fcber zehn Jahre in verschiedenen Rollen f\u00fcr <strong>COMPUTER BILD<\/strong> und <strong>AUTO BILD<\/strong> gearbeitet habe, zuletzt als <strong>Managing Editor<\/strong>.<\/p>\n\n\n\n<p>Heute bringe ich diese Erfahrung auf die Vermarktungsseite: Als <strong>Director Sales &amp; Brand Solutions<\/strong> bei <strong>C4.ROCKS<\/strong> entwickle ich Angebote, die Marken <strong>strategisch<\/strong> st\u00e4rken und in der Vermarktung <strong>klar<\/strong> und <strong>abschlusssicher<\/strong> sind.<\/p>\n<\/div>\n<\/div>\n<\/div>\n<\/div>\n\n\n\n<div class=\"wp-block-group has-global-padding is-layout-constrained wp-container-core-group-is-layout-ebee8dc1 wp-block-group-is-layout-constrained\" style=\"margin-top:0;margin-bottom:0;padding-top:var(--wp--preset--spacing--50);padding-bottom:var(--wp--preset--spacing--50)\">\n<div class=\"wp-block-columns is-layout-flex wp-container-core-columns-is-layout-28f84493 wp-block-columns-is-layout-flex\">\n<div class=\"wp-block-column is-layout-flow wp-block-column-is-layout-flow\">\n<div class=\"wp-block-group is-vertical is-layout-flex wp-container-core-group-is-layout-fe9cc265 wp-block-group-is-layout-flex\">\n<h2 class=\"wp-block-heading is-style-text-annotation is-style-text-annotation--3\"><strong>Beruf<\/strong><\/h2>\n<\/div>\n\n\n\n<h3 class=\"wp-block-heading\">03\/2025 \u2013 heute \u00b7 Director Sales &amp; Brand Solutions (C4.ROCKS)<\/h3>\n\n\n\n<ul class=\"wp-block-list\">\n<li><strong>Sales-getriebene Entwicklung<\/strong> von Commerce Content: von der Idee bis zum vermarktbaren Paket<\/li>\n\n\n\n<li>Fokus auf <strong>Zielgruppenfit<\/strong>, <strong>Partnerlogik<\/strong> und <strong>saubere Umsetzung<\/strong><\/li>\n<\/ul>\n\n\n\n<h3 class=\"wp-block-heading\">04\/2015 \u2013 02\/2025 \u00b7 Axel Springer \u00b7 Managing Editor \/ Mitglied der Chefredaktion<\/h3>\n\n\n\n<ul class=\"wp-block-list\">\n<li>Aufbau &amp; Weiterentwicklung von Formaten mit Blick auf <strong>Marke, Reichweite und kommerzielle Anschlussf\u00e4higkeit<\/strong><\/li>\n\n\n\n<li>F\u00fchrung <strong>crossfunktionaler Teams<\/strong> und konsequente Qualit\u00e4ts- und Prozessarbeit<\/li>\n<\/ul>\n\n\n\n<h3 class=\"wp-block-heading\">06\/2012 \u2013 03\/2015 \u00b7 Volont\u00e4r &amp; Projektleiter \/ Project Manager<\/h3>\n\n\n\n<ul class=\"wp-block-list\">\n<li>Redaktionelles Fundament + Projektarbeit: strukturiert planen, sauber umsetzen, zuverl\u00e4ssig liefern<\/li>\n<\/ul>\n<\/div>\n<\/div>\n<\/div>\n\n\n\n<div class=\"wp-block-group alignfull is-style-section-1 has-global-padding is-layout-constrained wp-block-group-is-layout-constrained is-style-section-1--4\" style=\"margin-top:0;margin-bottom:0;padding-top:var(--wp--preset--spacing--80);padding-bottom:var(--wp--preset--spacing--80)\">\n<div class=\"wp-block-columns alignwide is-layout-flex wp-container-core-columns-is-layout-66fad18a wp-block-columns-is-layout-flex\">\n<div class=\"wp-block-column is-layout-flow wp-block-column-is-layout-flow\" style=\"padding-right:var(--wp--preset--spacing--50);flex-basis:45%\">\n<div class=\"wp-block-columns is-layout-flex wp-container-core-columns-is-layout-28f84493 wp-block-columns-is-layout-flex\">\n<div class=\"wp-block-column is-layout-flow wp-block-column-is-layout-flow\" style=\"flex-basis:100%\">\n<div class=\"wp-block-group is-vertical is-layout-flex wp-container-core-group-is-layout-fe9cc265 wp-block-group-is-layout-flex\">\n<h2 class=\"wp-block-heading is-style-text-annotation is-style-text-annotation--5\"><strong>Sport<\/strong><\/h2>\n<\/div>\n\n\n\n<figure class=\"wp-block-image size-full is-resized\"><a href=\"https:\/\/rttngr.com\/wp-content\/uploads\/2025\/02\/DSC01970-Enhanced-NR-scaled.jpg\"><img loading=\"lazy\" decoding=\"async\" width=\"1707\" height=\"2560\" src=\"https:\/\/rttngr.com\/wp-content\/uploads\/2025\/02\/DSC01970-Enhanced-NR-scaled.jpg\" alt=\"\" class=\"wp-image-4594\" style=\"aspect-ratio:0.6667911547911548;width:379px;height:auto\" srcset=\"https:\/\/rttngr.com\/wp-content\/uploads\/2025\/02\/DSC01970-Enhanced-NR-scaled.jpg 1707w, https:\/\/rttngr.com\/wp-content\/uploads\/2025\/02\/DSC01970-Enhanced-NR-200x300.jpg 200w, https:\/\/rttngr.com\/wp-content\/uploads\/2025\/02\/DSC01970-Enhanced-NR-512x768.jpg 512w, https:\/\/rttngr.com\/wp-content\/uploads\/2025\/02\/DSC01970-Enhanced-NR-768x1152.jpg 768w, https:\/\/rttngr.com\/wp-content\/uploads\/2025\/02\/DSC01970-Enhanced-NR-1024x1536.jpg 1024w, https:\/\/rttngr.com\/wp-content\/uploads\/2025\/02\/DSC01970-Enhanced-NR-1365x2048.jpg 1365w\" sizes=\"auto, (max-width: 1707px) 100vw, 1707px\" \/><\/a><\/figure>\n<\/div>\n<\/div>\n\n\n\n<div class=\"wp-block-group has-global-padding is-layout-constrained wp-block-group-is-layout-constrained\" style=\"margin-top:-12vw\">\n<figure class=\"wp-block-image alignright size-full is-resized\" style=\"margin-right:-5vw;margin-left:-5vw\"><a href=\"https:\/\/rttngr.com\/wp-content\/uploads\/2025\/02\/AS_07184-scaled.jpg\"><img loading=\"lazy\" decoding=\"async\" width=\"1707\" height=\"2560\" src=\"https:\/\/rttngr.com\/wp-content\/uploads\/2025\/02\/AS_07184-edited-scaled.jpg\" alt=\"\" class=\"wp-image-4605\" style=\"aspect-ratio:0.6668128975652555;width:267px;height:auto\" srcset=\"https:\/\/rttngr.com\/wp-content\/uploads\/2025\/02\/AS_07184-edited-scaled.jpg 1707w, https:\/\/rttngr.com\/wp-content\/uploads\/2025\/02\/AS_07184-edited-200x300.jpg 200w, https:\/\/rttngr.com\/wp-content\/uploads\/2025\/02\/AS_07184-edited-512x768.jpg 512w, https:\/\/rttngr.com\/wp-content\/uploads\/2025\/02\/AS_07184-edited-768x1152.jpg 768w, https:\/\/rttngr.com\/wp-content\/uploads\/2025\/02\/AS_07184-edited-1024x1536.jpg 1024w, https:\/\/rttngr.com\/wp-content\/uploads\/2025\/02\/AS_07184-edited-1365x2048.jpg 1365w\" sizes=\"auto, (max-width: 1707px) 100vw, 1707px\" \/><\/a><figcaption class=\"wp-element-caption\">photos by <a href=\"https:\/\/asvisuals.de\/\">asvisuals<\/a><\/figcaption><\/figure>\n<\/div>\n<\/div>\n\n\n\n<div class=\"wp-block-column is-vertically-aligned-center is-layout-flow wp-block-column-is-layout-flow\" style=\"padding-right:0;padding-left:0;flex-basis:50%\">\n<p class=\"is-style-default\"><strong>Turniertanzsport <\/strong>begleitet mich seit \u00fcber 25 Jahren. Was ich daraus f\u00fcr meinen Berufsalltag mitnehme: <strong>Disziplin<\/strong>, <strong>Geradlinigkeit<\/strong> und der Anspruch, auch unter Druck <strong>pr\u00e4zise<\/strong> zu liefern.<br>Als Trainer und DOSB-anerkannter Wertungsrichter ist Feedback f\u00fcr mich kein \u201eNice-to-have\u201c, sondern Teil von Weiterentwicklung.<\/p>\n\n\n\n<p class=\"is-style-default\"><strong>Wettkampfgeist als Haltung<\/strong><\/p>\n<\/div>\n<\/div>\n<\/div>\n\n\n\n<aside class=\"wp-block-group alignfull is-style-section-3 has-global-padding is-layout-constrained wp-container-core-group-is-layout-f0f2a97b wp-block-group-is-layout-constrained is-style-section-3--6\" style=\"margin-top:0;margin-bottom:0;padding-top:var(--wp--preset--spacing--50);padding-right:var(--wp--preset--spacing--50);padding-bottom:var(--wp--preset--spacing--50);padding-left:var(--wp--preset--spacing--50)\">\n<div class=\"wp-block-group is-vertical is-content-justification-center is-layout-flex wp-container-core-group-is-layout-8778ca4a wp-block-group-is-layout-flex\" style=\"min-height:360px;margin-top:0;margin-bottom:0\">\n<h2 class=\"wp-block-heading has-text-align-center has-xx-large-font-size\">Austausch zu Medien, Vermarktung oder Commerce Content?<br><\/h2>\n\n\n\n<p class=\"has-text-align-center is-style-text-subtitle is-style-text-subtitle--7\">Ich mich \u00fcber Ihre Nachricht.<\/p>\n\n\n\n<div style=\"height:0px\" aria-hidden=\"true\" class=\"wp-block-spacer wp-container-content-62aae154\"><\/div>\n\n\n\n<div class=\"wp-block-buttons is-content-justification-center is-layout-flex wp-container-core-buttons-is-layout-a89b3969 wp-block-buttons-is-layout-flex\">\n<div class=\"wp-block-button\"><a class=\"wp-block-button__link has-text-align-center wp-element-button\" href=\"https:\/\/rttngr.com\/?page_id=4556\">Kontakt<\/a><\/div>\n<\/div>\n<\/div>\n<\/aside>\n\n\n\n<p><\/p>\n","protected":false},"excerpt":{"rendered":"<p>Director Sales &amp; Brand Solutions | C4.ROCKSIch bringe Marken, Medien und Zielgruppen zusammen. Commerce Content mit klarem Konzept, starken Publisher-Partnerschaften und datengetriebenen Blick f\u00fcr Performance. \u00dcber mich Ich komme aus dem redaktionellen Umfeld \u2013 und genau das hilft mir heute in Sales und Vermarktung: Ich denke in Zielgruppen, Relevanz und sauberer Storyline. Nach Studium und [&hellip;]<\/p>\n","protected":false},"author":1,"featured_media":0,"parent":0,"menu_order":0,"comment_status":"closed","ping_status":"closed","template":"page-templates\/homepage.php","meta":{"footnotes":""},"class_list":["post-4319","page","type-page","status-publish","hentry"],"_links":{"self":[{"href":"https:\/\/rttngr.com\/index.php?rest_route=\/wp\/v2\/pages\/4319","targetHints":{"allow":["GET"]}}],"collection":[{"href":"https:\/\/rttngr.com\/index.php?rest_route=\/wp\/v2\/pages"}],"about":[{"href":"https:\/\/rttngr.com\/index.php?rest_route=\/wp\/v2\/types\/page"}],"author":[{"embeddable":true,"href":"https:\/\/rttngr.com\/index.php?rest_route=\/wp\/v2\/users\/1"}],"replies":[{"embeddable":true,"href":"https:\/\/rttngr.com\/index.php?rest_route=%2Fwp%2Fv2%2Fcomments&post=4319"}],"version-history":[{"count":50,"href":"https:\/\/rttngr.com\/index.php?rest_route=\/wp\/v2\/pages\/4319\/revisions"}],"predecessor-version":[{"id":4624,"href":"https:\/\/rttngr.com\/index.php?rest_route=\/wp\/v2\/pages\/4319\/revisions\/4624"}],"wp:attachment":[{"href":"https:\/\/rttngr.com\/index.php?rest_route=%2Fwp%2Fv2%2Fmedia&parent=4319"}],"curies":[{"name":"wp","href":"https:\/\/api.w.org\/{rel}","templated":true}]}}